{"id":13,"date":"2020-12-13T00:31:16","date_gmt":"2020-12-12T23:31:16","guid":{"rendered":"http:\/\/auberge.puycapel.fr\/?page_id=13"},"modified":"2026-01-17T06:26:56","modified_gmt":"2026-01-17T05:26:56","slug":"chambre-dhote","status":"publish","type":"page","link":"https:\/\/auberge.puycapel.fr\/index.php\/chambre-dhote\/","title":{"rendered":"Chambres d&rsquo;h\u00f4tes"},"content":{"rendered":"\n<figure class=\"wp-block-image size-large\"><img decoding=\"async\" src=\"https:\/\/auberge.puycapel.fr\/wp-content\/uploads\/2020\/12\/5-1024x766.jpg\" alt=\"\" class=\"wp-image-39\"\/><\/figure>\n\n\n\n<figure class=\"wp-block-image size-full\"><img loading=\"lazy\" decoding=\"async\" width=\"402\" height=\"569\" src=\"https:\/\/auberge.puycapel.fr\/wp-content\/uploads\/2026\/01\/menu-st-valentin-2026.jpg\" alt=\"\" class=\"wp-image-278\" srcset=\"https:\/\/auberge.puycapel.fr\/wp-content\/uploads\/2026\/01\/menu-st-valentin-2026.jpg 402w, https:\/\/auberge.puycapel.fr\/wp-content\/uploads\/2026\/01\/menu-st-valentin-2026-212x300.jpg 212w\" sizes=\"auto, (max-width: 402px) 100vw, 402px\" \/><\/figure>\n\n\n\n<figure class=\"wp-block-image size-large\"><img decoding=\"async\" src=\"https:\/\/auberge.puycapel.fr\/wp-content\/uploads\/2020\/12\/IMG_0200-1024x683.jpg\" alt=\"\" class=\"wp-image-40\"\/><\/figure>\n\n\n\n<figure class=\"wp-block-image size-large\"><img decoding=\"async\" src=\"https:\/\/auberge.puycapel.fr\/wp-content\/uploads\/2020\/12\/7-1024x766.jpg\" alt=\"\" class=\"wp-image-41\"\/><\/figure>\n\n\n\n<p>Voici le lien pour toutes r\u00e9servations en ligne sur le site Booking, ou vous avez aussi la possibilit\u00e9 de r\u00e9server par t\u00e9l\u00e9phone<a href=\"https:\/\/auberge.puycapel.fr\/?page_id=221\" data-type=\"page\" data-id=\"221\">https:\/\/www.booking.com\/hotel\/fr\/auberge-de-mourjou-mourjou1.fr.html?aid=2311236&amp;#038;label=fr-fr-booking-desktop-DCpBIW3k2%2AWIo8XuzMdB9AS652796013276%3Apl%3Ata%3Ap1%3Ap2%3Aac%3Aap%3Aneg%3Afi%3Atikwd-65526620%3Alp9111301%3Ali%3Adec%3Adm&amp;#038;sid=03458bff5a9868a50419e6a5c30b029d&amp;#038;all_sr_blocks=1127726101_385414222_2_42_0&amp;#038;checkin=2025-07-05&amp;#038;checkout=2025-07-06&amp;#038;dest_id=11277261&amp;#038;dest_type=hotel&amp;#038;dist=0&amp;#038;group_adults=2&amp;#038;group_children=0&amp;#038;hapos=1&amp;#038;highlighted_blocks=1127726101_385414222_2_42_0&amp;#038;hpos=1&amp;#038;matching_block_id=1127726101_385414222_2_42_0&amp;#038;no_rooms=1&amp;#038;req_adults=2&amp;#038;req_children=0&amp;#038;room1=A%2CA&amp;#038;sb_price_type=total&amp;#038;sr_order=popularity&amp;#038;sr_pri_blocks=1127726101_385414222_2_42_0__6382&amp;#038;srepoch=1751376544&amp;#038;srpvid=add117a6017aeb34e982ea8a7cbb4528&amp;#038;type=total&amp;#038;ucfs=1&amp;#038; \u21a9\ufe0e<\/a><\/p>\n\n\n\n\n\n<p><\/p>\n","protected":false},"excerpt":{"rendered":"<div class=\"entry-summary\">\nVoici le lien pour toutes r\u00e9servations en ligne sur le site Booking,&hellip;\n<\/div>\n<div class=\"link-more\"><a href=\"https:\/\/auberge.puycapel.fr\/index.php\/chambre-dhote\/\" class=\"more-link\">Continue reading<span class=\"screen-reader-text\"> &ldquo;Chambres d&rsquo;h\u00f4tes&rdquo;<\/span>&hellip;<\/a><\/div>\n","protected":false},"author":3,"featured_media":0,"parent":0,"menu_order":0,"comment_status":"open","ping_status":"closed","template":"","meta":{"footnotes":"[]"},"class_list":["post-13","page","type-page","status-publish","hentry","entry"],"jetpack_sharing_enabled":true,"_links":{"self":[{"href":"https:\/\/auberge.puycapel.fr\/index.php\/wp-json\/wp\/v2\/pages\/13","targetHints":{"allow":["GET"]}}],"collection":[{"href":"https:\/\/auberge.puycapel.fr\/index.php\/wp-json\/wp\/v2\/pages"}],"about":[{"href":"https:\/\/auberge.puycapel.fr\/index.php\/wp-json\/wp\/v2\/types\/page"}],"author":[{"embeddable":true,"href":"https:\/\/auberge.puycapel.fr\/index.php\/wp-json\/wp\/v2\/users\/3"}],"replies":[{"embeddable":true,"href":"https:\/\/auberge.puycapel.fr\/index.php\/wp-json\/wp\/v2\/comments?post=13"}],"version-history":[{"count":15,"href":"https:\/\/auberge.puycapel.fr\/index.php\/wp-json\/wp\/v2\/pages\/13\/revisions"}],"predecessor-version":[{"id":279,"href":"https:\/\/auberge.puycapel.fr\/index.php\/wp-json\/wp\/v2\/pages\/13\/revisions\/279"}],"wp:attachment":[{"href":"https:\/\/auberge.puycapel.fr\/index.php\/wp-json\/wp\/v2\/media?parent=13"}],"curies":[{"name":"wp","href":"https:\/\/api.w.org\/{rel}","templated":true}]}}